{"id":4656,"date":"2025-10-30T17:08:15","date_gmt":"2025-10-30T17:08:15","guid":{"rendered":"https:\/\/oberoifinancial.com\/team\/samanta-proulx\/"},"modified":"2026-02-11T12:10:21","modified_gmt":"2026-02-11T12:10:21","slug":"samanta-proulx","status":"publish","type":"page","link":"https:\/\/oberoifinancial.com\/fr\/equipe\/samanta-proulx\/","title":{"rendered":"Samanta \u00ab\u00a0Sammi\u00a0\u00bb Proulx"},"content":{"rendered":"<p>[et_pb_section fb_built=\u00a0\u00bb1&Prime; admin_label=\u00a0\u00bbVerticle Line\u00a0\u00bb module_class=\u00a0\u00bbvline\u00a0\u00bb _builder_version=\u00a0\u00bb4.27.4&Prime; _module_preset=\u00a0\u00bbdefault\u00a0\u00bb background_color=\u00a0\u00bbRGBA(255,255,255,0)\u00a0\u00bb positioning=\u00a0\u00bbfixed\u00a0\u00bb position_origin_f=\u00a0\u00bbcenter_center\u00a0\u00bb z_index=\u00a0\u00bb1&Prime; width=\u00a0\u00bb100%\u00a0\u00bb height=\u00a0\u00bb100vh\u00a0\u00bb custom_padding=\u00a0\u00bb0px||0px||true|false\u00a0\u00bb locked=\u00a0\u00bbon\u00a0\u00bb collapsed=\u00a0\u00bbon\u00a0\u00bb global_colors_info=\u00a0\u00bb{}\u00a0\u00bb][et_pb_row module_class=\u00a0\u00bbfull\u00a0\u00bb _builder_version=\u00a0\u00bb4.27.4&Prime; _module_preset=\u00a0\u00bbdefault\u00a0\u00bb width=\u00a0\u00bb100%\u00a0\u00bb max_width=\u00a0\u00bb1462px\u00a0\u00bb custom_padding=\u00a0\u00bb0px||0px||true|false\u00a0\u00bb custom_css_main_element=\u00a0\u00bboverflow: visible;\u00a0\u00bb global_colors_info=\u00a0\u00bb{}\u00a0\u00bb][et_pb_column type=\u00a0\u00bb4_4&Prime; _builder_version=\u00a0\u00bb4.27.4&Prime; _module_preset=\u00a0\u00bbdefault\u00a0\u00bb custom_css_main_element=\u00a0\u00bboverflow: visible;||min-height: 0;\u00a0\u00bb global_colors_info=\u00a0\u00bb{}\u00a0\u00bb][et_pb_code disabled_on=\u00a0\u00bbon|on|on\u00a0\u00bb _builder_version=\u00a0\u00bb4.27.4&Prime; _module_preset=\u00a0\u00bbdefault\u00a0\u00bb background_color=\u00a0\u00bbgcid-cb07045e-ce80-4b77-9d80-44b5c1cda7ec\u00a0\u00bb positioning=\u00a0\u00bbabsolute\u00a0\u00bb position_origin_f=\u00a0\u00bbcenter_left\u00a0\u00bb horizontal_offset=\u00a0\u00bb1vw\u00a0\u00bb width=\u00a0\u00bb100%\u00a0\u00bb max_width=\u00a0\u00bb1.5px\u00a0\u00bb height=\u00a0\u00bb100vh\u00a0\u00bb disabled=\u00a0\u00bbon\u00a0\u00bb global_colors_info=\u00a0\u00bb{%22gcid-cb07045e-ce80-4b77-9d80-44b5c1cda7ec%22:%91%22background_color%22%93}\u00a0\u00bb][\/et_pb_code][et_pb_divider color=\u00a0\u00bbgcid-cb07045e-ce80-4b77-9d80-44b5c1cda7ec\u00a0\u00bb divider_position=\u00a0\u00bbcenter\u00a0\u00bb divider_weight=\u00a0\u00bb1px\u00a0\u00bb _builder_version=\u00a0\u00bb4.27.4&Prime; _module_preset=\u00a0\u00bbdefault\u00a0\u00bb transform_translate=\u00a0\u00bb-50%|0px\u00a0\u00bb transform_translate_linked=\u00a0\u00bboff\u00a0\u00bb transform_rotate=\u00a0\u00bb0deg|0deg|90deg\u00a0\u00bb horizontal_offset=\u00a0\u00bb1.1vw\u00a0\u00bb horizontal_offset_tablet=\u00a0\u00bb0vw\u00a0\u00bb horizontal_offset_phone=\u00a0\u00bb0vw\u00a0\u00bb horizontal_offset_last_edited=\u00a0\u00bbon|tablet\u00a0\u00bb width=\u00a0\u00bb100vh\u00a0\u00bb height=\u00a0\u00bb100vh\u00a0\u00bb hover_transition_duration=\u00a0\u00bb0ms\u00a0\u00bb hover_transition_speed_curve=\u00a0\u00bbease-in-out\u00a0\u00bb locked=\u00a0\u00bboff\u00a0\u00bb global_colors_info=\u00a0\u00bb{%22gcid-cb07045e-ce80-4b77-9d80-44b5c1cda7ec%22:%91%22color%22%93}\u00a0\u00bb][\/et_pb_divider][\/et_pb_column][\/et_pb_row][\/et_pb_section][et_pb_section fb_built=\u00a0\u00bb1&Prime; _builder_version=\u00a0\u00bb4.27.4&Prime; _module_preset=\u00a0\u00bbdefault\u00a0\u00bb background_color=\u00a0\u00bb#f2f0ea\u00a0\u00bb custom_margin=\u00a0\u00bb||||false|false\u00a0\u00bb custom_padding=\u00a0\u00bb||0px||false|false\u00a0\u00bb locked=\u00a0\u00bboff\u00a0\u00bb collapsed=\u00a0\u00bboff\u00a0\u00bb global_colors_info=\u00a0\u00bb{}\u00a0\u00bb][et_pb_row column_structure=\u00a0\u00bb1_2,1_2&Prime; module_class=\u00a0\u00bbteam-person-row reverse\u00a0\u00bb _builder_version=\u00a0\u00bb4.27.4&Prime; _module_preset=\u00a0\u00bbdefault\u00a0\u00bb width=\u00a0\u00bb90%\u00a0\u00bb max_width=\u00a0\u00bb1280px\u00a0\u00bb min_height=\u00a0\u00bb744px\u00a0\u00bb global_colors_info=\u00a0\u00bb{}\u00a0\u00bb][et_pb_column type=\u00a0\u00bb1_2&Prime; module_class=\u00a0\u00bbscroll-watch fade-in\u00a0\u00bb _builder_version=\u00a0\u00bb4.27.4&Prime; _module_preset=\u00a0\u00bbdefault\u00a0\u00bb global_colors_info=\u00a0\u00bb{}\u00a0\u00bb][et_pb_heading title=\u00a0\u00bbSamanta  Proulx\u00a0\u00bb module_class=\u00a0\u00bbscroll-watch fade-in\u00a0\u00bb _builder_version=\u00a0\u00bb4.27.4&Prime; _module_preset=\u00a0\u00bbdefault\u00a0\u00bb title_level=\u00a0\u00bbh2&Prime; title_font=\u00a0\u00bbPlayfair Display||||||||\u00a0\u00bb title_text_color=\u00a0\u00bbgcid-f945d0de-7fb4-444d-bbf3-9560442b3a8d\u00a0\u00bb title_font_size=\u00a0\u00bb55px\u00a0\u00bb background_enable_color=\u00a0\u00bboff\u00a0\u00bb custom_margin=\u00a0\u00bb||20px||false|false\u00a0\u00bb custom_margin_tablet=\u00a0\u00bb40px||20px||false|false\u00a0\u00bb custom_margin_phone=\u00a0\u00bb30px||||false|false\u00a0\u00bb custom_margin_last_edited=\u00a0\u00bbon|phone\u00a0\u00bb title_font_size_tablet=\u00a0\u00bb45px\u00a0\u00bb title_font_size_phone=\u00a0\u00bb30px\u00a0\u00bb title_font_size_last_edited=\u00a0\u00bbon|desktop\u00a0\u00bb locked=\u00a0\u00bboff\u00a0\u00bb global_colors_info=\u00a0\u00bb{%22gcid-f945d0de-7fb4-444d-bbf3-9560442b3a8d%22:%91%22title_text_color%22,%22title_text_color%22,%22title_text_color%22,%22title_text_color%22%93}\u00a0\u00bb][\/et_pb_heading][et_pb_text module_class=\u00a0\u00bbscroll-watch fade-in\u00a0\u00bb _builder_version=\u00a0\u00bb4.27.5&Prime; _module_preset=\u00a0\u00bbdefault\u00a0\u00bb text_font=\u00a0\u00bb||||||||\u00a0\u00bb text_font_size=\u00a0\u00bb24px\u00a0\u00bb text_line_height=\u00a0\u00bb1.5em\u00a0\u00bb max_width=\u00a0\u00bb580px\u00a0\u00bb module_alignment=\u00a0\u00bbleft\u00a0\u00bb custom_padding=\u00a0\u00bb|||15px|false|false\u00a0\u00bb border_width_left=\u00a0\u00bb1px\u00a0\u00bb border_color_left=\u00a0\u00bbgcid-34b98196-aa6d-487e-8a5c-7a3bdc14c160&Prime; locked=\u00a0\u00bboff\u00a0\u00bb global_colors_info=\u00a0\u00bb{%22gcid-34b98196-aa6d-487e-8a5c-7a3bdc14c160%22:%91%22border_color_left%22,%22border_color_left%22%93}\u00a0\u00bb]<\/p>\n<p>Administratrice des affaires et responsable marketing<\/p>\n<p>[\/et_pb_text][et_pb_text module_class=\u00a0\u00bbscroll-watch fade-in\u00a0\u00bb _builder_version=\u00a0\u00bb4.27.4&Prime; _module_preset=\u00a0\u00bbdefault\u00a0\u00bb text_line_height=\u00a0\u00bb1.5em\u00a0\u00bb module_alignment=\u00a0\u00bbleft\u00a0\u00bb locked=\u00a0\u00bboff\u00a0\u00bb global_colors_info=\u00a0\u00bb{}\u00a0\u00bb]Samanta \u00ab Sammi \u00bb Proulx est l&rsquo;administratrice dynamique d&rsquo;Oberoi Financial Group. Elle se consacre \u00e0 l&rsquo;\u00e9tablissement de relations solides avec les clients et au bon fonctionnement du bureau. Travaillant en \u00e9troite collaboration avec les clients et les conseillers, elle s&rsquo;engage \u00e0 offrir une exp\u00e9rience exceptionnelle \u00e0 chaque interaction.<\/p>\n<p>En plus de g\u00e9rer les op\u00e9rations quotidiennes, Sammi dirige les \u00e9v\u00e9nements et les initiatives marketing d&rsquo;Oberoi, apportant sa cr\u00e9ativit\u00e9, son sens de l&rsquo;organisation et son leadership \u00e0 chaque projet.<\/p>\n<p>En dehors du travail, Sammi est une passionn\u00e9e d&rsquo;apprentissage des langues, elle \u00e9tudie actuellement l&rsquo;italien et aime les activit\u00e9s de plein air telles que la course \u00e0 pied, le v\u00e9lo, la randonn\u00e9e et le camping. Elle est \u00e9galement passionn\u00e9e par le b\u00e9n\u00e9volat et s&rsquo;investit dans diverses organisations \u00e0 Montr\u00e9al.[\/et_pb_text][et_pb_social_media_follow _builder_version=\u00a0\u00bb4.27.4&Prime; _module_preset=\u00a0\u00bbdefault\u00a0\u00bb custom_margin=\u00a0\u00bb||20px||false|false\u00a0\u00bb global_colors_info=\u00a0\u00bb{}\u00a0\u00bb][et_pb_social_media_follow_network social_network=\u00a0\u00bblinkedin\u00a0\u00bb url=\u00a0\u00bbhttps:\/\/www.linkedin.com\/in\/samanta-p-0b9946135\/\u00a0\u00bb _builder_version=\u00a0\u00bb4.27.4&Prime; _module_preset=\u00a0\u00bbdefault\u00a0\u00bb background_color=\u00a0\u00bbgcid-34b98196-aa6d-487e-8a5c-7a3bdc14c160&Prime; background_enable_color=\u00a0\u00bbon\u00a0\u00bb global_colors_info=\u00a0\u00bb{%22gcid-34b98196-aa6d-487e-8a5c-7a3bdc14c160%22:%91%22background_color%22%93}\u00a0\u00bb follow_button=\u00a0\u00bboff\u00a0\u00bb url_new_window=\u00a0\u00bbon\u00a0\u00bb]linkedin[\/et_pb_social_media_follow_network][\/et_pb_social_media_follow][et_pb_button button_url=\u00a0\u00bbmailto:samanta@oberoifinancial.com\u00a0\u00bb button_text=\u00a0\u00bbCourriel\u00a0\u00bb disabled_on=\u00a0\u00bboff|off|off\u00a0\u00bb _builder_version=\u00a0\u00bb4.27.5&Prime; _module_preset=\u00a0\u00bbdefault\u00a0\u00bb custom_button=\u00a0\u00bbon\u00a0\u00bb button_text_color=\u00a0\u00bb#FFFFFF\u00a0\u00bb button_bg_color=\u00a0\u00bbgcid-34b98196-aa6d-487e-8a5c-7a3bdc14c160&Prime; button_border_color=\u00a0\u00bbgcid-34b98196-aa6d-487e-8a5c-7a3bdc14c160&Prime; button_icon_color=\u00a0\u00bb#FFFFFF\u00a0\u00bb button_on_hover=\u00a0\u00bboff\u00a0\u00bb custom_padding=\u00a0\u00bb12px|55px|12px|30px|true|false\u00a0\u00bb locked=\u00a0\u00bboff\u00a0\u00bb global_colors_info=\u00a0\u00bb{%22gcid-34b98196-aa6d-487e-8a5c-7a3bdc14c160%22:%91%22button_bg_color%22,%22button_border_color%22,%22button_bg_color%22,%22button_border_color%22,%22button_border_color%22,%22button_bg_color%22%93}\u00a0\u00bb button_bg_color__hover_enabled=\u00a0\u00bboff|hover\u00a0\u00bb button_bg_enable_color__hover=\u00a0\u00bbon\u00a0\u00bb button_text_color__hover_enabled=\u00a0\u00bboff|hover\u00a0\u00bb button_icon_color__hover=\u00a0\u00bb#FFFFFF\u00a0\u00bb button_icon_color__hover_enabled=\u00a0\u00bbon|hover\u00a0\u00bb][\/et_pb_button][\/et_pb_column][et_pb_column type=\u00a0\u00bb1_2&Prime; _builder_version=\u00a0\u00bb4.27.4&Prime; _module_preset=\u00a0\u00bbdefault\u00a0\u00bb global_colors_info=\u00a0\u00bb{}\u00a0\u00bb][et_pb_image src=\u00a0\u00bbhttps:\/\/rcmbrand.rockco.com\/wp-content\/themes\/rcm\/assets\/imgs\/cb14_map-bg.webp\u00a0\u00bb module_class=\u00a0\u00bbmember-bg-right scroll-watch curtain-down\u00a0\u00bb _builder_version=\u00a0\u00bb4.27.4&Prime; _module_preset=\u00a0\u00bbdefault\u00a0\u00bb positioning=\u00a0\u00bbabsolute\u00a0\u00bb width=\u00a0\u00bb100%\u00a0\u00bb global_colors_info=\u00a0\u00bb{}\u00a0\u00bb][\/et_pb_image][et_pb_image src=\u00a0\u00bbhttps:\/\/oberoifinancial.com\/wp-content\/uploads\/2026\/01\/Sami-49-scaled.jpg\u00a0\u00bb title_text=\u00a0\u00bbSami-49&Prime; align=\u00a0\u00bbright\u00a0\u00bb module_class=\u00a0\u00bbteam-member scroll-watch fade-in\u00a0\u00bb _builder_version=\u00a0\u00bb4.27.5&Prime; _module_preset=\u00a0\u00bbdefault\u00a0\u00bb max_width=\u00a0\u00bb460px\u00a0\u00bb module_alignment=\u00a0\u00bbcenter\u00a0\u00bb height=\u00a0\u00bb633px\u00a0\u00bb custom_margin=\u00a0\u00bb34px||||false|false\u00a0\u00bb hover_enabled=\u00a0\u00bb0&Prime; global_colors_info=\u00a0\u00bb{}\u00a0\u00bb height_last_edited=\u00a0\u00bbon|phone\u00a0\u00bb height_phone=\u00a0\u00bb100%\u00a0\u00bb sticky_enabled=\u00a0\u00bb0&Prime; min_height_last_edited=\u00a0\u00bbon|phone\u00a0\u00bb min_height_phone=\u00a0\u00bb480px\u00a0\u00bb height_tablet=\u00a0\u00bb633px\u00a0\u00bb][\/et_pb_image][\/et_pb_column][\/et_pb_row][\/et_pb_section]<\/p>\n","protected":false},"excerpt":{"rendered":"<p>Administratrice des affaires et responsable marketingSamanta \u00ab Sammi \u00bb Proulx est l&rsquo;administratrice dynamique d&rsquo;Oberoi Financial Group. Elle se consacre \u00e0 l&rsquo;\u00e9tablissement de relations solides avec les clients et au bon fonctionnement du bureau. Travaillant en \u00e9troite collaboration avec les clients et les conseillers, elle s&rsquo;engage \u00e0 offrir une exp\u00e9rience exceptionnelle \u00e0 chaque interaction. En plus [&hellip;]<\/p>\n","protected":false},"author":3,"featured_media":5632,"parent":4636,"menu_order":0,"comment_status":"closed","ping_status":"closed","template":"","meta":{"_et_pb_use_builder":"on","_et_pb_old_content":"","_et_gb_content_width":"","footnotes":""},"class_list":["post-4656","page","type-page","status-publish","has-post-thumbnail","hentry"],"yoast_head":"<!-- This site is optimized with the Yoast SEO plugin v27.2 - https:\/\/yoast.com\/product\/yoast-seo-wordpress\/ -->\n<title>Samanta Proulx | Oberoi<\/title>\n<meta name=\"description\" content=\"Rencontrez Samanta Proulx de l\u2019\u00e9quipe de gestion de patrimoine d\u2019Oberoi. Responsable marketing d\u00e9di\u00e9e au soutien des clients.\" \/>\n<meta name=\"robots\" content=\"index, follow, max-snippet:-1, max-image-preview:large, max-video-preview:-1\" \/>\n<link rel=\"canonical\" href=\"https:\/\/oberoifinancial.com\/wealth-management-team-montreal\/samanta-proulx\/\" \/>\n<meta property=\"og:locale\" content=\"fr_FR\" \/>\n<meta property=\"og:type\" content=\"article\" \/>\n<meta property=\"og:title\" content=\"Samanta Proulx | Oberoi\" \/>\n<meta property=\"og:description\" content=\"Rencontrez Samanta Proulx de l\u2019\u00e9quipe de gestion de patrimoine d\u2019Oberoi. Responsable marketing d\u00e9di\u00e9e au soutien des clients.\" \/>\n<meta property=\"og:url\" content=\"https:\/\/oberoifinancial.com\/wealth-management-team-montreal\/samanta-proulx\/\" \/>\n<meta property=\"og:site_name\" content=\"Oberoi Financial Group | Plan Your Future Today\" \/>\n<meta property=\"article:publisher\" content=\"https:\/\/www.facebook.com\/profile.php?id=100054358579062\" \/>\n<meta property=\"article:modified_time\" content=\"2026-02-11T12:10:21+00:00\" \/>\n<meta property=\"og:image\" content=\"https:\/\/oberoifinancial.com\/wp-content\/uploads\/2026\/02\/Oberoi-Logo-1.png\" \/>\n\t<meta property=\"og:image:width\" content=\"400\" \/>\n\t<meta property=\"og:image:height\" content=\"400\" \/>\n\t<meta property=\"og:image:type\" content=\"image\/png\" \/>\n<meta name=\"twitter:card\" content=\"summary_large_image\" \/>\n<meta name=\"twitter:label1\" content=\"Dur\u00e9e de lecture estim\u00e9e\" \/>\n\t<meta name=\"twitter:data1\" content=\"2 minutes\" \/>\n<script type=\"application\/ld+json\" class=\"yoast-schema-graph\">{\"@context\":\"https:\/\/schema.org\",\"@graph\":[{\"@type\":\"WebPage\",\"@id\":\"https:\/\/oberoifinancial.com\/wealth-management-team-montreal\/samanta-proulx\/\",\"url\":\"https:\/\/oberoifinancial.com\/wealth-management-team-montreal\/samanta-proulx\/\",\"name\":\"Samanta Proulx | Oberoi\",\"isPartOf\":{\"@id\":\"https:\/\/oberoifinancial.com\/#website\"},\"primaryImageOfPage\":{\"@id\":\"https:\/\/oberoifinancial.com\/wealth-management-team-montreal\/samanta-proulx\/#primaryimage\"},\"image\":{\"@id\":\"https:\/\/oberoifinancial.com\/wealth-management-team-montreal\/samanta-proulx\/#primaryimage\"},\"thumbnailUrl\":\"https:\/\/oberoifinancial.com\/wp-content\/uploads\/2026\/02\/Oberoi-Logo-1.png\",\"datePublished\":\"2025-10-30T17:08:15+00:00\",\"dateModified\":\"2026-02-11T12:10:21+00:00\",\"description\":\"Rencontrez Samanta Proulx de l\u2019\u00e9quipe de gestion de patrimoine d\u2019Oberoi. Responsable marketing d\u00e9di\u00e9e au soutien des clients.\",\"breadcrumb\":{\"@id\":\"https:\/\/oberoifinancial.com\/wealth-management-team-montreal\/samanta-proulx\/#breadcrumb\"},\"inLanguage\":\"fr-FR\",\"potentialAction\":[{\"@type\":\"ReadAction\",\"target\":[\"https:\/\/oberoifinancial.com\/wealth-management-team-montreal\/samanta-proulx\/\"]}]},{\"@type\":\"ImageObject\",\"inLanguage\":\"fr-FR\",\"@id\":\"https:\/\/oberoifinancial.com\/wealth-management-team-montreal\/samanta-proulx\/#primaryimage\",\"url\":\"https:\/\/oberoifinancial.com\/wp-content\/uploads\/2026\/02\/Oberoi-Logo-1.png\",\"contentUrl\":\"https:\/\/oberoifinancial.com\/wp-content\/uploads\/2026\/02\/Oberoi-Logo-1.png\",\"width\":400,\"height\":400},{\"@type\":\"BreadcrumbList\",\"@id\":\"https:\/\/oberoifinancial.com\/wealth-management-team-montreal\/samanta-proulx\/#breadcrumb\",\"itemListElement\":[{\"@type\":\"ListItem\",\"position\":1,\"name\":\"Home\",\"item\":\"https:\/\/oberoifinancial.com\/fr\/\"},{\"@type\":\"ListItem\",\"position\":2,\"name\":\"L&#8217;\u00e9quipe\",\"item\":\"https:\/\/oberoifinancial.com\/wealth-management-team-montreal\/\"},{\"@type\":\"ListItem\",\"position\":3,\"name\":\"Samanta &#8220;Sammi&#8221; Proulx\"}]},{\"@type\":\"WebSite\",\"@id\":\"https:\/\/oberoifinancial.com\/#website\",\"url\":\"https:\/\/oberoifinancial.com\/\",\"name\":\"Oberoi Financial Group | Plan Your Future Today\",\"description\":\"\",\"publisher\":{\"@id\":\"https:\/\/oberoifinancial.com\/#organization\"},\"potentialAction\":[{\"@type\":\"SearchAction\",\"target\":{\"@type\":\"EntryPoint\",\"urlTemplate\":\"https:\/\/oberoifinancial.com\/?s={search_term_string}\"},\"query-input\":{\"@type\":\"PropertyValueSpecification\",\"valueRequired\":true,\"valueName\":\"search_term_string\"}}],\"inLanguage\":\"fr-FR\"},{\"@type\":\"Organization\",\"@id\":\"https:\/\/oberoifinancial.com\/#organization\",\"name\":\"Oberoi Financial Group | Plan Your Future Today\",\"url\":\"https:\/\/oberoifinancial.com\/\",\"logo\":{\"@type\":\"ImageObject\",\"inLanguage\":\"fr-FR\",\"@id\":\"https:\/\/oberoifinancial.com\/#\/schema\/logo\/image\/\",\"url\":\"https:\/\/oberoifinancial.com\/wp-content\/uploads\/2025\/10\/logo.png\",\"contentUrl\":\"https:\/\/oberoifinancial.com\/wp-content\/uploads\/2025\/10\/logo.png\",\"width\":200,\"height\":79,\"caption\":\"Oberoi Financial Group | Plan Your Future Today\"},\"image\":{\"@id\":\"https:\/\/oberoifinancial.com\/#\/schema\/logo\/image\/\"},\"sameAs\":[\"https:\/\/www.facebook.com\/profile.php?id=100054358579062\",\"https:\/\/www.linkedin.com\/company\/90400828\/admin\/page-posts\/published\/\"]}]}<\/script>\n<!-- \/ Yoast SEO plugin. -->","yoast_head_json":{"title":"Samanta Proulx | Oberoi","description":"Rencontrez Samanta Proulx de l\u2019\u00e9quipe de gestion de patrimoine d\u2019Oberoi. Responsable marketing d\u00e9di\u00e9e au soutien des clients.","robots":{"index":"index","follow":"follow","max-snippet":"max-snippet:-1","max-image-preview":"max-image-preview:large","max-video-preview":"max-video-preview:-1"},"canonical":"https:\/\/oberoifinancial.com\/wealth-management-team-montreal\/samanta-proulx\/","og_locale":"fr_FR","og_type":"article","og_title":"Samanta Proulx | Oberoi","og_description":"Rencontrez Samanta Proulx de l\u2019\u00e9quipe de gestion de patrimoine d\u2019Oberoi. Responsable marketing d\u00e9di\u00e9e au soutien des clients.","og_url":"https:\/\/oberoifinancial.com\/wealth-management-team-montreal\/samanta-proulx\/","og_site_name":"Oberoi Financial Group | Plan Your Future Today","article_publisher":"https:\/\/www.facebook.com\/profile.php?id=100054358579062","article_modified_time":"2026-02-11T12:10:21+00:00","og_image":[{"width":400,"height":400,"url":"https:\/\/oberoifinancial.com\/wp-content\/uploads\/2026\/02\/Oberoi-Logo-1.png","type":"image\/png"}],"twitter_card":"summary_large_image","twitter_misc":{"Dur\u00e9e de lecture estim\u00e9e":"2 minutes"},"schema":{"@context":"https:\/\/schema.org","@graph":[{"@type":"WebPage","@id":"https:\/\/oberoifinancial.com\/wealth-management-team-montreal\/samanta-proulx\/","url":"https:\/\/oberoifinancial.com\/wealth-management-team-montreal\/samanta-proulx\/","name":"Samanta Proulx | Oberoi","isPartOf":{"@id":"https:\/\/oberoifinancial.com\/#website"},"primaryImageOfPage":{"@id":"https:\/\/oberoifinancial.com\/wealth-management-team-montreal\/samanta-proulx\/#primaryimage"},"image":{"@id":"https:\/\/oberoifinancial.com\/wealth-management-team-montreal\/samanta-proulx\/#primaryimage"},"thumbnailUrl":"https:\/\/oberoifinancial.com\/wp-content\/uploads\/2026\/02\/Oberoi-Logo-1.png","datePublished":"2025-10-30T17:08:15+00:00","dateModified":"2026-02-11T12:10:21+00:00","description":"Rencontrez Samanta Proulx de l\u2019\u00e9quipe de gestion de patrimoine d\u2019Oberoi. Responsable marketing d\u00e9di\u00e9e au soutien des clients.","breadcrumb":{"@id":"https:\/\/oberoifinancial.com\/wealth-management-team-montreal\/samanta-proulx\/#breadcrumb"},"inLanguage":"fr-FR","potentialAction":[{"@type":"ReadAction","target":["https:\/\/oberoifinancial.com\/wealth-management-team-montreal\/samanta-proulx\/"]}]},{"@type":"ImageObject","inLanguage":"fr-FR","@id":"https:\/\/oberoifinancial.com\/wealth-management-team-montreal\/samanta-proulx\/#primaryimage","url":"https:\/\/oberoifinancial.com\/wp-content\/uploads\/2026\/02\/Oberoi-Logo-1.png","contentUrl":"https:\/\/oberoifinancial.com\/wp-content\/uploads\/2026\/02\/Oberoi-Logo-1.png","width":400,"height":400},{"@type":"BreadcrumbList","@id":"https:\/\/oberoifinancial.com\/wealth-management-team-montreal\/samanta-proulx\/#breadcrumb","itemListElement":[{"@type":"ListItem","position":1,"name":"Home","item":"https:\/\/oberoifinancial.com\/fr\/"},{"@type":"ListItem","position":2,"name":"L&#8217;\u00e9quipe","item":"https:\/\/oberoifinancial.com\/wealth-management-team-montreal\/"},{"@type":"ListItem","position":3,"name":"Samanta &#8220;Sammi&#8221; Proulx"}]},{"@type":"WebSite","@id":"https:\/\/oberoifinancial.com\/#website","url":"https:\/\/oberoifinancial.com\/","name":"Oberoi Financial Group | Plan Your Future Today","description":"","publisher":{"@id":"https:\/\/oberoifinancial.com\/#organization"},"potentialAction":[{"@type":"SearchAction","target":{"@type":"EntryPoint","urlTemplate":"https:\/\/oberoifinancial.com\/?s={search_term_string}"},"query-input":{"@type":"PropertyValueSpecification","valueRequired":true,"valueName":"search_term_string"}}],"inLanguage":"fr-FR"},{"@type":"Organization","@id":"https:\/\/oberoifinancial.com\/#organization","name":"Oberoi Financial Group | Plan Your Future Today","url":"https:\/\/oberoifinancial.com\/","logo":{"@type":"ImageObject","inLanguage":"fr-FR","@id":"https:\/\/oberoifinancial.com\/#\/schema\/logo\/image\/","url":"https:\/\/oberoifinancial.com\/wp-content\/uploads\/2025\/10\/logo.png","contentUrl":"https:\/\/oberoifinancial.com\/wp-content\/uploads\/2025\/10\/logo.png","width":200,"height":79,"caption":"Oberoi Financial Group | Plan Your Future Today"},"image":{"@id":"https:\/\/oberoifinancial.com\/#\/schema\/logo\/image\/"},"sameAs":["https:\/\/www.facebook.com\/profile.php?id=100054358579062","https:\/\/www.linkedin.com\/company\/90400828\/admin\/page-posts\/published\/"]}]}},"_links":{"self":[{"href":"https:\/\/oberoifinancial.com\/fr\/wp-json\/wp\/v2\/pages\/4656","targetHints":{"allow":["GET"]}}],"collection":[{"href":"https:\/\/oberoifinancial.com\/fr\/wp-json\/wp\/v2\/pages"}],"about":[{"href":"https:\/\/oberoifinancial.com\/fr\/wp-json\/wp\/v2\/types\/page"}],"author":[{"embeddable":true,"href":"https:\/\/oberoifinancial.com\/fr\/wp-json\/wp\/v2\/users\/3"}],"replies":[{"embeddable":true,"href":"https:\/\/oberoifinancial.com\/fr\/wp-json\/wp\/v2\/comments?post=4656"}],"version-history":[{"count":7,"href":"https:\/\/oberoifinancial.com\/fr\/wp-json\/wp\/v2\/pages\/4656\/revisions"}],"predecessor-version":[{"id":5891,"href":"https:\/\/oberoifinancial.com\/fr\/wp-json\/wp\/v2\/pages\/4656\/revisions\/5891"}],"up":[{"embeddable":true,"href":"https:\/\/oberoifinancial.com\/fr\/wp-json\/wp\/v2\/pages\/4636"}],"wp:featuredmedia":[{"embeddable":true,"href":"https:\/\/oberoifinancial.com\/fr\/wp-json\/wp\/v2\/media\/5632"}],"wp:attachment":[{"href":"https:\/\/oberoifinancial.com\/fr\/wp-json\/wp\/v2\/media?parent=4656"}],"curies":[{"name":"wp","href":"https:\/\/api.w.org\/{rel}","templated":true}]}}